{"id":753,"date":"2024-02-01T18:00:05","date_gmt":"2024-02-01T17:00:05","guid":{"rendered":"https:\/\/uj.gokartparkszeged.hu\/?page_id=753"},"modified":"2025-03-03T16:00:05","modified_gmt":"2025-03-03T15:00:05","slug":"blog-2","status":"publish","type":"page","link":"https:\/\/uj.gokartparkszeged.hu\/?page_id=753","title":{"rendered":"Hunter Racing Club"},"content":{"rendered":"<p>[et_pb_section admin_label=&#8221;section&#8221;]<br \/>\n\t\t\t[et_pb_row admin_label=&#8221;row&#8221;]<br \/>\n\t\t\t\t[et_pb_column type=&#8221;4_4&#8243;][et_pb_text admin_label=&#8221;Text&#8221;]<\/p>\n\n\n<div class=\"wp-block-query is-layout-flow wp-block-query-is-layout-flow\"><ul class=\"wp-block-post-template is-layout-flow wp-block-post-template-is-layout-flow\"><li class=\"wp-block-post post-879 post type-post status-publish format-standard hentry category-egyeb\">\n<h2 class=\"wp-block-post-title\"><a href=\"https:\/\/uj.gokartparkszeged.hu\/?p=879\" target=\"_self\" >Gokart Sport Szeged?<\/a><\/h2>\n\n\n\n<div class=\"wp-block-post-excerpt\"><p class=\"wp-block-post-excerpt__excerpt\">[et_pb_section admin_label=&#8221;section&#8221;] [et_pb_row admin_label=&#8221;row&#8221;] [et_pb_column type=&#8221;4_4&#8243;][et_pb_text admin_label=&#8221;Text&#8221;] Gokart Park Szeged! [\/et_pb_text][\/et_pb_column] [\/et_pb_row] [\/et_pb_section] <\/p><\/div>\n\n\n<hr class=\"wp-block-separator has-css-opacity\"\/>\n\n\n<div class=\"wp-block-post-date\"><time datetime=\"2025-07-29T14:41:59+02:00\">2025.07.29.<\/time><\/div>\n<\/li><li class=\"wp-block-post post-826 post type-post status-publish format-standard hentry category-egyeb\">\n<h2 class=\"wp-block-post-title\"><a href=\"https:\/\/uj.gokartparkszeged.hu\/?p=826\" target=\"_self\" >HRC<\/a><\/h2>\n\n\n\n<div class=\"wp-block-post-excerpt\"><p class=\"wp-block-post-excerpt__excerpt\"> <\/p><\/div>\n\n\n<hr class=\"wp-block-separator has-css-opacity\"\/>\n\n\n<div class=\"wp-block-post-date\"><time datetime=\"2025-01-10T07:43:43+01:00\">2025.01.10.<\/time><\/div>\n<\/li><\/ul><\/div>\n\n\n<ul class=\"wp-block-latest-posts__list wp-block-latest-posts\"><li><a class=\"wp-block-latest-posts__post-title\" href=\"https:\/\/uj.gokartparkszeged.hu\/?p=879\">Gokart Sport Szeged?<\/a><\/li>\n<li><a class=\"wp-block-latest-posts__post-title\" href=\"https:\/\/uj.gokartparkszeged.hu\/?p=826\">HRC<\/a><\/li>\n<\/ul>\n\n<p>[\/et_pb_text][\/et_pb_column]<\/p>\n<p><img loading=\"lazy\" decoding=\"async\" class=\"size-medium wp-image-842 alignright\" src=\"https:\/\/uj.gokartparkszeged.hu\/wp-content\/uploads\/2025\/03\/gokartkupa-300x279.jpg\" alt=\"\" width=\"300\" height=\"279\" \/><span style=\"font-size: revert;\">A Hunter Racing Klub 2024 \u00e9v elej\u00e9n j\u00f6tt l\u00e9tre azzal a nem titkolt c\u00e9llal, hogy Szegeden \u00e9s t\u00e9rs\u00e9g\u00e9ben igyekezzen ism\u00e9t meghonos\u00edtani, n\u00e9pszer\u0171s\u00edteni a technikai sportokat, els\u0151sorban a gokartot.\u00a0<\/span><\/p>\n<p><strong>Tal\u00e1n m\u00e1r a Z gener\u00e1ci\u00f3nak is hihetetlennek t\u0171nhet, de m\u00e9g egy f\u00e9l \u00e9vsz\u00e1zada is nagy \u00e9lete volt Szegeden a hivatalos aut\u00f3- \u00e9s motorsportok vil\u00e1g\u00e1nak.<\/strong><\/p>\n<p class=\"has-text-align-left\">\u00a0 \u00a0 \u00a0 \u00a0 \u00a0 \u00a0 \u00a0 A hatvanas-hetvenes \u00e9vekben az akkori belv\u00e1ros nemzetk\u00f6zi gokartversenyeknek adott helyet, de a Tisza belv\u00e1rosi r\u00e9sze sem maradt ki a papucsmotorcs\u00f3nak, illetve a sikl\u00f3haj\u00f3 \u00e9s egy\u00e9b sporthaj\u00f3k verseny\u00e9b\u0151l. Mind k\u00f6z\u00fcl azonban legink\u00e1bb a Szegedi Vol\u00e1n SC \u00e1ltal m\u0171k\u00f6dtetett salakmotor sport volt a legjellemz\u0151bb technikai sport a v\u00e1rosban, ennek megfelel\u0151en az is maradt a legtov\u00e1bb fent, mint Szegeden regn\u00e1l\u00f3, motorsportban j\u00f3l teljes\u00edt\u0151 technikai sportcsapat. Nem volt ritka, hogy egy focicsapatnyi \u201cmegsz\u00e1llott\u201d r\u00f3tta a salaksz\u00f3r\u00f3s edz\u0151k\u00f6r\u00f6ket el\u0151bb a SZEOL, majd k\u00e9s\u0151bb a Napos \u00fati salakmotor p\u00e1ly\u00e1kon. Megyei kitekint\u00e9sben m\u00edg a crossmotor a Szegedt\u0151l n\u00e9h\u00e1ny kilom\u00e9terre l\u00e9v\u0151 H\u00f3dmez\u0151v\u00e1s\u00e1rhely privil\u00e9giuma volt, addig a szint\u00e9n nem t\u00fal messze l\u00e9v\u0151 Mak\u00f3 az autocross fellegv\u00e1r\u00e1v\u00e1 n\u0151tte ki mag\u00e1t. Nem t\u00falz\u00e1s teh\u00e1t azt \u00e1ll\u00edtani, hogy az ezekb\u0151l megsz\u00fclet\u0151 derbiket nem ritk\u00e1n t\u00edzezrek l\u00e1togatt\u00e1k \u00e9s szerett\u00e9k. A technikai sportok akkor is \u00e9s ma is extr\u00e9m dr\u00e1g\u00e1nak sz\u00e1m\u00edtottak\/sz\u00e1m\u00edtanak, de kor\u00e1bban a szocialista nagyipar, annak is els\u0151sorban a sz\u00e1ll\u00edtm\u00e1nyoz\u00e1si \u00e9s k\u00f6zleked\u00e9si form\u00e1ci\u00f3i illetve a Magyar Honv\u00e9delmi Sz\u00f6vets\u00e9g (MHSZ) finansz\u00edroz\u00e1s\u00e1val m\u0171k\u00f6dhettek helyben technikai sportklubok, melyek sikeres tagjai val\u00f3di h\u00edress\u00e9gekk\u00e9 v\u00e1ltak, s nem kiz\u00e1r\u00f3lag helyben. Azt\u00e1n k\u00f6vetkezett a rendszerv\u00e1ltoz\u00e1s, annak minden keserve,\u00a0 a t\u00e1mogat\u00f3 v\u00e1llalatok jobb esetben t\u00f6rt\u00e9n\u0151 k\u00f6lts\u00e9gracionaliz\u00e1l\u00e1sa, rosszabb esetben pedig bed\u0151l\u00e9s\u00e9nek t\u00e9nye, keverve n\u00e9mi helyi politik\u00e1val, ami l\u00e9nyeg\u00e9ben elf\u00fajta a d\u00e9li, hat\u00e1rmenti technikai sportok eg\u00e9sz\u00e9t \u201cmelegebb \u00e9gt\u00e1jakra\u201d. M\u00e1ra nyoma sem maradt ennek az eg\u00e9sznek, legal\u00e1bb is Szeged viszonylat\u00e1ban biztosan.\u00a0\u00a0\u00a0<\/p>\n<p>\u00a0 \u00a0 \u00a0 \u00a0 \u00a0 \u00a0 \u00a0 Az az\u00f3ta eltelt \u00e9vekben, \u00e9vtizedekben voltak kisebb-nagyobb kezdem\u00e9nyez\u00e9sek a helyi motorsportok felt\u00e1maszt\u00e1s\u00e1ra, de v\u00e9g\u00fcl forr\u00e1shi\u00e1ny miatt ezek rendre el is haltak, n\u00e9mely kritikusabb esetben a \u201cmegsz\u00e1llott\u201d szervez\u0151k egzisztenci\u00e1j\u00e1t is r\u00e1ntva mag\u00e1val. Ez\u00e9rt az l\u00e1that\u00f3, hogy az el\u00e9rend\u0151 c\u00e9l, vagyis a technikai sport visszahonos\u00edt\u00e1sa v\u00e9gtelen\u00fcl lass\u00fa, neh\u00e9z, \u00e9s dr\u00e1ga folyamat eredm\u00e9nyek\u00e9nt j\u00f6het csak l\u00e9tre, valamint a kor\u00e1bbi negat\u00edv tapasztalatok figyelembev\u00e9tel\u00e9vel az eg\u00e9szbe belefogni sincs \u00e9rtelme az alapvet\u0151 forr\u00e1steremt\u0151 k\u00e9pess\u00e9g biztos\u00edt\u00e1sa n\u00e9lk\u00fcl.\u00a0<\/p>\n<p>\u00a0 \u00a0 \u00a0 \u00a0 \u00a0 \u00a0 \u00a0 K\u00f6zel t\u00edz \u00e9vvel ezel\u0151tt viszont a Szeged V\u00e1rosi Rock Klub t\u00e1mogat\u00e1s\u00e1val csendben megalakult Szegeden egy kis, k\u00f6z\u00f6ss\u00e9gi sportszervezet. Ez a csoport nem akart belenyugodni abba a helyzetbe, hogy t\u00e9rs\u00e9g\u00e9ben, mint aut\u00f3versenyz\u00e9si lehet\u0151s\u00e9g,\u00a0 marad az egy\u00e9bk\u00e9nt haz\u00e1nkban is igen magas sz\u00ednvonalat k\u00e9pvisel\u0151 e-sport, hanem az\u00f3ta is makacsul ragaszkodik ahhoz a c\u00e9lj\u00e1hoz, hogy a Szeged \u00e9s t\u00e9rs\u00e9gi gyerekek, illetve id\u0151sebbek is kipr\u00f3b\u00e1lhassanak, majd szorgalmas sporttev\u00e9kenys\u00e9g\u00fckkel ism\u00e9t technikai sportokat \u0171zhessenek szegedi aut\u00f3sport csapat sz\u00edneiben, az \u00e1tlagember sz\u00e1m\u00e1ra is el\u00e9rhet\u0151 m\u00f3don. Mint ahogy a r\u00e9gi filmben (R\u00e9gi id\u0151k focija) Garas Dezs\u0151, alias Minarik Ede mosod\u00e1s kimondta, \u00fagy az alap\u00edt\u00f3k k\u00f6r\u00e9ben is sz\u00e1ll\u00f3ig\u00e9v\u00e9 v\u00e1lt egy gondolat, hogy \u201ckell egy csapat\u201d. A probl\u00e9ma eset\u00fckben is az volt, hogy a sz\u00e1ll\u00f3ig\u00e9n, illetve a hiten k\u00edv\u00fcl sok m\u00e1s nem \u00e1llt rendelkez\u00e9sre a r\u00e9gi \u00e1lom megval\u00f3s\u00edt\u00e1s\u00e1nak elind\u00edt\u00e1s\u00e1hoz. Ekkor sz\u00fcletett meg a Gokart Park Szeged vezet\u00e9stechnikai sportcentrum alapgondolata, mely sportszervezeti alapon szert tehetett egy gazd\u00e1tlan, beker\u00edtetlen, kell\u0151k\u00e9ppen elhanyagolt, Szeged hat\u00e1r\u00e1ban l\u00e9v\u0151 haszn\u00e1laton k\u00edv\u00fcli sportter\u00fcletre.<\/p>\n<p>\u00a0 \u00a0 \u00a0 \u00a0 \u00a0 \u00a0 \u00a0 \u00a0 Az erdei k\u00f6rnyezetet rengeteg \u00f6nk\u00e9ntes munk\u00e1val, tem\u00e9rdek kompromisszummal ugyan, de \u201cz\u00e1rt p\u00e1ly\u00e1v\u00e1\u201d \u00e9rlelt\u00e9k, mely a gokartoz\u00e1s, mint gyakorl\u00e1s sz\u00e1m\u00e1ra neh\u00e9z, ugyanakkor mai napig elfogadhat\u00f3 k\u00f6r\u00fclm\u00e9nyeket biztos\u00edt a gokartsport sz\u00e1m\u00e1ra is n\u00e9lk\u00fcl\u00f6zhetetlen ut\u00e1np\u00f3tl\u00e1s felkutat\u00e1sa \u00e9s tr\u00e9ningez\u00e9se t\u00e9rs\u00e9gi alapjak\u00e9nt. Szervezett edz\u00e9sek, ny\u00e1ri t\u00e1borok\/tr\u00e9ningek eg\u00e9sz sor\u00e1n t\u00fal, folyamatos szabadt\u00e9ri b\u00e9rgokartoz\u00e1si lehet\u0151s\u00e9ggel hozz\u00e1k l\u00e9tre a helyi gyakorl\u00e1s illetve \u00e1ltal\u00e1ban is a versenyz\u00e9s k\u00f6r\u00fclm\u00e9nyeinek felt\u00e9teleit, teh\u00e1t a l\u00e9tez\u00e9st mint technikai sportszervezet, melynek \u00e9let\u00e9ben a Magyar Nemzeti Aut\u00f3sport Sz\u00f6vets\u00e9gben (MNASZ) 2022-ben t\u00f6rt\u00e9nt vezet\u0151s\u00e9gv\u00e1lt\u00e1s hat\u00e1s\u00e1ra\u00a0 felgyorsultak az esem\u00e9nyek.\u00a0<\/p>\n<p>\u00a0 \u00a0 \u00a0 \u00a0 \u00a0 M\u00edg az \u00e9v elej\u00e9n sportegyes\u00fclet\u00fcnk egy \u00fatkeres\u0151, \u00e9ppen csak deb\u00fct\u00e1l\u00f3 tagg\u00e1 k\u00e9sz\u00fclt v\u00e1lni az MNASZ-ben, n\u00e9h\u00e1ny h\u00e9ttel k\u00e9s\u0151bb sikerrel edzette versenycsapat\u00e1nak els\u0151 versenyz\u0151j\u00e9t egy hazai hivatalos versenysorozat el\u0151szob\u00e1j\u00e1ban. A Gokart Park Szeged (GPSZ Karting) gondoz\u00e1s\u00e1ban ism\u00e9t kisarjad\u00f3 szegedi aut\u00f3sport ut\u00e1np\u00f3tl\u00e1s \u00e9let\u00e9ben \u00edgy el\u00e9rkezett egy \u00fajabb jelent\u0151s fordul\u00f3pont, amikor m\u00e1r a Magyar Nemzeti Aut\u00f3sport Sz\u00f6vets\u00e9g tagjak\u00e9nt a GPSZ Karting csapatk\u00e9nt indul\u00e1si jogot szerzett az EasyKart Hungary BirelART m\u00e1rkakupa sorozatban Hunter Racing Club (HRC) n\u00e9ven. Az Uni Gy\u0151r WMS csapat\u00e1val, a Willisits Engineering, a BirelART kiz\u00e1r\u00f3lagos magyarorsz\u00e1gi illetve szlov\u00e1kiai k\u00e9pviselet\u00e9vel szoros egy\u00fcttm\u0171k\u00f6d\u00e9sben, annak t\u00e1mogat\u00e1s\u00e1val a Gokart Park Szeged \u201chivatalosan\u201d is megkezdhette a gokartsportban Szeged \u00e9s t\u00e9rs\u00e9ge tehets\u00e9geinek felkutat\u00e1s\u00e1t, tr\u00e9ningez\u00e9s\u00e9t, illetve a csapatn\u00e1l leigazolt gyermekek \u00e9s fiatalok verseny\u00e1gi rendszerben t\u00f6rt\u00e9n\u0151 versenyeztet\u00e9s\u00e9t.\u00a0<\/p>\n<p>\u00a0 \u00a0 \u00a0 \u00a0 \u00a0 \u00a0 B\u00fcszk\u00e9k vagyunk arra, hogy a Gokart Park Szeged-Hunter Racing Club tagszervezet megh\u00edv\u00e1s\u00e1ra a Szeged V\u00e1rosi Rock Klub Sport-Sz\u00edn-P\u00f3dium\u00e1n szervezett besz\u00e9lget\u00e9sen l\u00e1togat\u00e1st tett a szegedi csapatn\u00e1l Szuj\u00f3 Zolt\u00e1n, az MNASZ eln\u00f6ke. Az \u00e9vz\u00e1r\u00f3 est folyam\u00e1n r\u00e9szletesen besz\u00e9lgettek a magyar aut\u00f3sport helyzet\u00e9r\u0151l, neh\u00e9zs\u00e9geir\u0151l, sikereir\u0151l, a gokartsportr\u00f3l, az \u00d6veket bekapcsolni! c\u00edm\u0171 k\u00f6nyvr\u0151l, v\u00e9g\u00fcl a jelenl\u00e9v\u0151k k\u00f6r\u00e9ben felmer\u00fcl\u0151 k\u00e9rd\u00e9sekre is v\u00e1laszolva sok minden egy\u00e9br\u0151l. A besz\u00e9lget\u00e9s m\u0171sorvezet\u0151je Vidu P\u00e1l, aut\u00f3sportban akt\u00edv szerepet bet\u00f6lt\u0151 sportkomment\u00e1tor volt, a h\u00e1zigazda Vad\u00e1sz J\u00e1nos, aki a Szeged V\u00e1rosi Rock Klub, a Gokart Park Szeged, valamint a Hunter Racing Club k\u00e9pviselet\u00e9ben vett r\u00e9szt az esem\u00e9nyen. A besz\u00e9lget\u00e9sr\u0151l r\u00f6gz\u00edtett felv\u00e9tel megtal\u00e1lhat\u00f3 a Gokart Park Szeged YouTube csatorn\u00e1j\u00e1n, mely nem kiz\u00e1r\u00f3lag a szegedi aut\u00f3sportbar\u00e1toknak k\u00e9sz\u00fclt R\u00e9v\u00e9sz A. Zsolt munk\u00e1j\u00e1nak k\u00f6sz\u00f6nhet\u0151en.<\/p>\n<p>\u00a0 \u00a0 \u00a0 \u00a0 \u00a0 \u00a0 \u00a0A 2025-\u00f6s versenyid\u00e9nyre rem\u00e9lhet\u0151leg ism\u00e9t szor\u00edthatunk egy alapjait tekintve Szeged l\u00e1nyaib\u00f3l \u00e9s fiaib\u00f3l verbuv\u00e1l\u00f3dott gokartcsapatnak, mely t\u00f6bbnyire orsz\u00e1gos szinten, de esetenk\u00e9nt rem\u00e9lhet\u0151leg nemzetk\u00f6zi fronton is v\u00edvhatja majd k\u00fczdelmeit a lehet\u0151s\u00e9g szerinti min\u00e9l jobb eredm\u00e9nyek el\u00e9r\u00e9s\u00e9t hajszolva a szezon sor\u00e1n! A idei szezonban h\u00e1rom igazolt versenyz\u0151vel v\u00e1gunk neki a kupasorozatnak, <strong>Hanus Armand<\/strong> az Easy60, <strong>Mohos Benedek<\/strong> \u00e9s <strong>P\u00e9csi Benedek<\/strong> pedig az Easy125 kateg\u00f3ri\u00e1ban m\u00e9rettetnek meg.\u00a0<\/p>\n<p>\u00a0<\/p>\n<p><img loading=\"lazy\" decoding=\"async\" class=\" wp-image-846 aligncenter\" src=\"https:\/\/uj.gokartparkszeged.hu\/wp-content\/uploads\/2025\/03\/flotta-300x145.jpg\" alt=\"\" width=\"557\" height=\"269\" \/><\/p>\n<p>[\/et_pb_row]<br \/>[\/et_pb_section]<\/p>","protected":false},"excerpt":{"rendered":"<p>[et_pb_section admin_label=&#8221;section&#8221;] [et_pb_row admin_label=&#8221;row&#8221;] [et_pb_column type=&#8221;4_4&#8243;][et_pb_text admin_label=&#8221;Text&#8221;] [\/et_pb_text][\/et_pb_column] A Hunter Racing Klub 2024 \u00e9v elej\u00e9n j\u00f6tt l\u00e9tre azzal a nem titkolt c\u00e9llal, hogy Szegeden \u00e9s t\u00e9rs\u00e9g\u00e9ben igyekezzen ism\u00e9t meghonos\u00edtani, n\u00e9pszer\u0171s\u00edteni a technikai sportokat, els\u0151sorban a gokartot.\u00a0 Tal\u00e1n m\u00e1r a Z gener\u00e1ci\u00f3nak is hihetetlennek t\u0171nhet, de m\u00e9g egy f\u00e9l \u00e9vsz\u00e1zada is nagy \u00e9lete volt Szegeden a [&hellip;]<\/p>\n","protected":false},"author":1,"featured_media":0,"parent":0,"menu_order":0,"comment_status":"closed","ping_status":"closed","template":"","meta":{"_et_pb_use_builder":"on","_et_pb_old_content":"<!-- wp:query {\"queryId\":9,\"query\":{\"perPage\":3,\"pages\":0,\"offset\":0,\"postType\":\"post\",\"order\":\"desc\",\"orderBy\":\"date\",\"author\":\"\",\"search\":\"\",\"exclude\":[],\"sticky\":\"\",\"inherit\":false}} -->\n<div class=\"wp-block-query\"><!-- wp:post-template -->\n<!-- wp:post-title {\"isLink\":true} \/-->\n\n<!-- wp:post-featured-image {\"isLink\":true,\"align\":\"wide\"} \/-->\n\n<!-- wp:post-excerpt \/-->\n\n<!-- wp:separator {\"opacity\":\"css\"} -->\n<hr class=\"wp-block-separator has-css-opacity\"\/>\n<!-- \/wp:separator -->\n\n<!-- wp:post-date \/-->\n<!-- \/wp:post-template --><\/div>\n<!-- \/wp:query -->\n\n<!-- wp:latest-posts \/-->","_et_gb_content_width":"","footnotes":""},"class_list":["post-753","page","type-page","status-publish","hentry"],"_links":{"self":[{"href":"https:\/\/uj.gokartparkszeged.hu\/index.php?rest_route=\/wp\/v2\/pages\/753","targetHints":{"allow":["GET"]}}],"collection":[{"href":"https:\/\/uj.gokartparkszeged.hu\/index.php?rest_route=\/wp\/v2\/pages"}],"about":[{"href":"https:\/\/uj.gokartparkszeged.hu\/index.php?rest_route=\/wp\/v2\/types\/page"}],"author":[{"embeddable":true,"href":"https:\/\/uj.gokartparkszeged.hu\/index.php?rest_route=\/wp\/v2\/users\/1"}],"replies":[{"embeddable":true,"href":"https:\/\/uj.gokartparkszeged.hu\/index.php?rest_route=%2Fwp%2Fv2%2Fcomments&post=753"}],"version-history":[{"count":8,"href":"https:\/\/uj.gokartparkszeged.hu\/index.php?rest_route=\/wp\/v2\/pages\/753\/revisions"}],"predecessor-version":[{"id":847,"href":"https:\/\/uj.gokartparkszeged.hu\/index.php?rest_route=\/wp\/v2\/pages\/753\/revisions\/847"}],"wp:attachment":[{"href":"https:\/\/uj.gokartparkszeged.hu\/index.php?rest_route=%2Fwp%2Fv2%2Fmedia&parent=753"}],"curies":[{"name":"wp","href":"https:\/\/api.w.org\/{rel}","templated":true}]}}