{"id":38,"date":"2016-05-26T09:36:39","date_gmt":"2016-05-26T09:36:39","guid":{"rendered":"https:\/\/gokartparkszeged.hu\/?page_id=38"},"modified":"2026-03-22T22:07:37","modified_gmt":"2026-03-22T21:07:37","slug":"fooldal","status":"publish","type":"page","link":"https:\/\/uj.gokartparkszeged.hu\/","title":{"rendered":"F\u0151oldal"},"content":{"rendered":"<p>[et_pb_section fb_built=&#8221;1&#8243; inner_shadow=&#8221;on&#8221; fullwidth=&#8221;on&#8221; disabled_on=&#8221;on||&#8221; admin_label=&#8221;Vide\u00f3 h\u00e1tt\u00e9r&#8221; _builder_version=&#8221;4.9.3&#8243; background_color=&#8221;#ffffff&#8221; background_image=&#8221;https:\/\/uj.gokartparkszeged.hu\/wp-content\/uploads\/2016\/06\/hatt_gpsz_01.jpg&#8221; parallax=&#8221;on&#8221; background_video_mp4=&#8221;https:\/\/uj.gokartparkszeged.hu\/wp-content\/uploads\/2026\/03\/gokarttabor-1-2.mp4&#8243; background_video_webm=&#8221;https:\/\/uj.gokartparkszeged.hu\/wp-content\/uploads\/2026\/03\/gokarttabor-1.webm&#8221; background_video_height=&#8221;100&#8243; allow_player_pause=&#8221;on&#8221; min_height=&#8221;433px&#8221; custom_padding=&#8221;0px|0px|165px|0px||&#8221; hover_enabled=&#8221;0&#8243; global_colors_info=&#8221;{}&#8221; title_text=&#8221;gokartt\u00e1bor&#8221; sticky_enabled=&#8221;0&#8243;][et_pb_fullwidth_header text_orientation=&#8221;center&#8221; background_overlay_color=&#8221;rgba(237,240,0,0)&#8221; content_max_width=&#8221;none&#8221; admin_label=&#8221;telefonsz\u00e1m&#8221; _builder_version=&#8221;4.16&#8243; background_color=&#8221;rgba(255, 255, 255, 0)&#8221; global_colors_info=&#8221;{}&#8221; button_one_text_size__hover_enabled=&#8221;off&#8221; button_two_text_size__hover_enabled=&#8221;off&#8221; button_one_text_color__hover_enabled=&#8221;off&#8221; button_two_text_color__hover_enabled=&#8221;off&#8221; button_one_border_width__hover_enabled=&#8221;off&#8221; button_two_border_width__hover_enabled=&#8221;off&#8221; button_one_border_color__hover_enabled=&#8221;off&#8221; button_two_border_color__hover_enabled=&#8221;off&#8221; button_one_border_radius__hover_enabled=&#8221;off&#8221; button_two_border_radius__hover_enabled=&#8221;off&#8221; button_one_letter_spacing__hover_enabled=&#8221;off&#8221; button_two_letter_spacing__hover_enabled=&#8221;off&#8221; button_one_bg_color__hover_enabled=&#8221;off&#8221; button_two_bg_color__hover_enabled=&#8221;off&#8221;]<\/p>\n<h1 style=\"text-align: center;\"><\/h1>\n<h1 style=\"text-align: center;\">Egyeztet\u00e9shez h\u00edvj minket a<br \/>\n<strong>\u00a0+36 (30) 381 82 82 <\/strong><strong>sz\u00e1mon!<br \/>\n<\/strong><\/h1>\n<p>[\/et_pb_fullwidth_header][et_pb_fullwidth_header title=&#8221;GPSZ Gokart Park Szeged&#8221; subhead=&#8221;A S\u00e1ndorfalvi \u00faton a volt ATI tanp\u00e1ly\u00e1n&#8221; text_orientation=&#8221;center&#8221; header_fullscreen=&#8221;on&#8221; header_scroll_down=&#8221;on&#8221; scroll_down_icon=&#8221;%%6%%&#8221; background_overlay_color=&#8221;rgba(255,209,10,0)&#8221; content_max_width=&#8221;none&#8221; admin_label=&#8221;Vide\u00f3 h\u00e1tt\u00e9r&#8221; _builder_version=&#8221;4.16&#8243; title_font_size=&#8221;80px&#8221; subhead_font_size=&#8221;20px&#8221; background_color=&#8221;rgba(255, 255, 255, 0)&#8221; parallax=&#8221;on&#8221; title_font_size_tablet=&#8221;40px&#8221; title_font_size_phone=&#8221;25px&#8221; title_font_size_last_edited=&#8221;on|phone&#8221; subhead_font_size_tablet=&#8221;15px&#8221; subhead_font_size_phone=&#8221;10px&#8221; subhead_font_size_last_edited=&#8221;on|phone&#8221; custom_css_main_element=&#8221;display:none;&#8221; global_colors_info=&#8221;{}&#8221; button_one_text_size__hover_enabled=&#8221;off&#8221; button_two_text_size__hover_enabled=&#8221;off&#8221; button_one_text_color__hover_enabled=&#8221;off&#8221; button_two_text_color__hover_enabled=&#8221;off&#8221; button_one_border_width__hover_enabled=&#8221;off&#8221; button_two_border_width__hover_enabled=&#8221;off&#8221; button_one_border_color__hover_enabled=&#8221;off&#8221; button_two_border_color__hover_enabled=&#8221;off&#8221; button_one_border_radius__hover_enabled=&#8221;off&#8221; button_two_border_radius__hover_enabled=&#8221;off&#8221; button_one_letter_spacing__hover_enabled=&#8221;off&#8221; button_two_letter_spacing__hover_enabled=&#8221;off&#8221; button_one_bg_color__hover_enabled=&#8221;off&#8221; button_two_bg_color__hover_enabled=&#8221;off&#8221;][\/et_pb_fullwidth_header][\/et_pb_section][et_pb_section fb_built=&#8221;1&#8243; admin_label=&#8221;section&#8221; _builder_version=&#8221;4.16&#8243; background_color=&#8221;rgba(64,64,65,0.6)&#8221; min_height=&#8221;511.9px&#8221; custom_padding=&#8221;58px|0px|54px|0px&#8221; global_colors_info=&#8221;{}&#8221;][et_pb_row column_structure=&#8221;1_3,1_3,1_3&#8243; admin_label=&#8221;Sor&#8221; _builder_version=&#8221;4.16&#8243; background_size=&#8221;initial&#8221; background_position=&#8221;top_left&#8221; background_repeat=&#8221;repeat&#8221; global_colors_info=&#8221;{}&#8221;][et_pb_column type=&#8221;1_3&#8243; _builder_version=&#8221;4.16&#8243; custom_padding=&#8221;|||&#8221; global_colors_info=&#8221;{}&#8221; custom_padding__hover=&#8221;|||&#8221;][et_pb_text admin_label=&#8221;Sz\u00f6veg&#8221; _builder_version=&#8221;4.16&#8243; background_size=&#8221;initial&#8221; background_position=&#8221;top_left&#8221; background_repeat=&#8221;repeat&#8221; text_orientation=&#8221;center&#8221; background_layout=&#8221;dark&#8221; module_alignment=&#8221;center&#8221; global_colors_info=&#8221;{}&#8221;]<\/p>\n<h1 style=\"text-align: center;\"><img loading=\"lazy\" decoding=\"async\" class=\"alignnone size-full wp-image-966\" src=\"https:\/\/gokartparkszeged.hu\/wp-content\/uploads\/2016\/05\/en_flag.jpg\" alt=\"en_flag\" width=\"43\" height=\"24\" \/>\u00a0For English:<br \/>\n<strong>+36 (30) 381 82 82\u00a0<\/strong><strong><br \/>\n<\/strong><\/h1>\n<p>[\/et_pb_text][\/et_pb_column][et_pb_column type=&#8221;1_3&#8243; _builder_version=&#8221;4.16&#8243; custom_padding=&#8221;|||&#8221; global_colors_info=&#8221;{}&#8221; custom_padding__hover=&#8221;|||&#8221;][et_pb_text admin_label=&#8221;Sz\u00f6veg&#8221; _builder_version=&#8221;4.16&#8243; background_size=&#8221;initial&#8221; background_position=&#8221;top_left&#8221; background_repeat=&#8221;repeat&#8221; background_layout=&#8221;dark&#8221; use_border_color=&#8221;off&#8221; border_color=&#8221;#ffffff&#8221; border_style=&#8221;solid&#8221; global_colors_info=&#8221;{}&#8221;]<\/p>\n<h1>Csatlakozz Facebook k\u00f6z\u00f6ss\u00e9g\u00fcnkh\u00f6z,<\/h1>\n<h1>hogy \u00e9rtes\u00fclj a legfrissebb h\u00edrekr\u0151l!<\/h1>\n<p>[\/et_pb_text][\/et_pb_column][et_pb_column type=&#8221;1_3&#8243; _builder_version=&#8221;4.16&#8243; custom_padding=&#8221;|||&#8221; global_colors_info=&#8221;{}&#8221; custom_padding__hover=&#8221;|||&#8221;][et_pb_social_media_follow follow_button=&#8221;on&#8221; admin_label=&#8221;K\u00f6z\u00f6ss\u00e9gi m\u00e9dia k\u00f6vet\u00e9s&#8221; _builder_version=&#8221;4.16&#8243; background_layout=&#8221;dark&#8221; global_colors_info=&#8221;{}&#8221;][et_pb_social_media_follow_network social_network=&#8221;facebook&#8221; url=&#8221;https:\/\/www.facebook.com\/gpszkarting&#8221; _builder_version=&#8221;4.16&#8243; background_color=&#8221;#3b5998&#8243; bg_color=&#8221;#3b5998&#8243; global_colors_info=&#8221;{}&#8221; follow_button=&#8221;on&#8221; url_new_window=&#8221;on&#8221;]Facebook[\/et_pb_social_media_follow_network][\/et_pb_social_media_follow][\/et_pb_column][\/et_pb_row][et_pb_row column_structure=&#8221;1_2,1_2&#8243; padding_mobile=&#8221;off&#8221; column_padding_mobile=&#8221;on&#8221; admin_label=&#8221;Sor&#8221; _builder_version=&#8221;4.16&#8243; background_color=&#8221;rgba(28,28,28,0.68)&#8221; background_size=&#8221;initial&#8221; background_position=&#8221;top_left&#8221; background_repeat=&#8221;repeat&#8221; custom_padding=&#8221;15px|30px|15px|30px&#8221; custom_css_main_element=&#8221;display:none;&#8221; global_colors_info=&#8221;{}&#8221;][et_pb_column type=&#8221;1_2&#8243; _builder_version=&#8221;4.16&#8243; custom_padding=&#8221;|||&#8221; global_colors_info=&#8221;{}&#8221; custom_padding__hover=&#8221;|||&#8221;][et_pb_divider show_divider=&#8221;off&#8221; disabled_on=&#8221;on|on|off&#8221; admin_label=&#8221;Elv\u00e1laszt\u00f3&#8221; _builder_version=&#8221;4.16&#8243; height=&#8221;14px&#8221; global_colors_info=&#8221;{}&#8221;][\/et_pb_divider][et_pb_image src=&#8221;https:\/\/uj.gokartparkszeged.hu\/wp-content\/uploads\/2017\/05\/f1f_logo.png&#8221; show_bottom_space=&#8221;off&#8221; align_tablet=&#8221;center&#8221; align_phone=&#8221;&#8221; align_last_edited=&#8221;on|desktop&#8221; admin_label=&#8221;K\u00e9p&#8221; _builder_version=&#8221;4.16&#8243; animation_style=&#8221;slide&#8221; animation_direction=&#8221;left&#8221; animation_duration=&#8221;500ms&#8221; animation_intensity_slide=&#8221;10%&#8221; sticky=&#8221;on&#8221; global_colors_info=&#8221;{}&#8221;][\/et_pb_image][\/et_pb_column][et_pb_column type=&#8221;1_2&#8243; _builder_version=&#8221;4.16&#8243; custom_padding=&#8221;|||&#8221; global_colors_info=&#8221;{}&#8221; custom_padding__hover=&#8221;|||&#8221;][et_pb_text admin_label=&#8221;Sz\u00f6veg&#8221; _builder_version=&#8221;4.16&#8243; background_size=&#8221;initial&#8221; background_position=&#8221;top_left&#8221; background_repeat=&#8221;repeat&#8221; text_orientation=&#8221;center&#8221; background_layout=&#8221;dark&#8221; module_alignment=&#8221;center&#8221; global_colors_info=&#8221;{}&#8221;]<\/p>\n<h1><span style=\"color: #ff0000;\">Forma 1<\/span> n\u00e9z\u00e9s a p\u00e1ly\u00e1n \u00f3ri\u00e1skivet\u00edt\u0151n!<\/h1>\n<p>J\u00fanius 11-\u00e9n, vas\u00e1rnap \u2013 Kanadai Nagyd\u00edj \u2013 Montreal (70 k\u00f6r)[\/et_pb_text][et_pb_countdown_timer title=&#8221;M\u00e9g ennyi id\u0151 van h\u00e1tra:&#8221; date_time=&#8221;06\/11\/2017 19:00&#8243; admin_label=&#8221;Visszasz\u00e1ml\u00e1l\u00f3&#8221; _builder_version=&#8221;4.16&#8243; use_background_color=&#8221;off&#8221; background_size=&#8221;initial&#8221; background_position=&#8221;top_left&#8221; background_repeat=&#8221;repeat&#8221; global_colors_info=&#8221;{}&#8221;][\/et_pb_countdown_timer][\/et_pb_column][\/et_pb_row][et_pb_row admin_label=&#8221;Sor&#8221; _builder_version=&#8221;4.16&#8243; background_size=&#8221;initial&#8221; background_position=&#8221;top_left&#8221; background_repeat=&#8221;repeat&#8221; custom_padding=&#8221;27px|0px|0px|0px&#8221; global_colors_info=&#8221;{}&#8221;][et_pb_column type=&#8221;4_4&#8243; _builder_version=&#8221;4.16&#8243; custom_padding=&#8221;|||&#8221; global_colors_info=&#8221;{}&#8221; custom_padding__hover=&#8221;|||&#8221;][et_pb_text admin_label=&#8221;Text&#8221; _builder_version=&#8221;4.16&#8243; text_font=&#8221;Yanone Kaffeesatz|on||on|&#8221; text_text_color=&#8221;#ffd10a&#8221; text_font_size=&#8221;60&#8243; background_size=&#8221;initial&#8221; background_position=&#8221;top_left&#8221; background_repeat=&#8221;repeat&#8221; background_layout=&#8221;dark&#8221; text_font_size_tablet=&#8221;35&#8243; text_font_size_phone=&#8221;20&#8243; text_font_size_last_edited=&#8221;on|phone&#8221; global_colors_info=&#8221;{}&#8221;] Mi\u00e9rt minket v\u00e1lassz? [\/et_pb_text][et_pb_divider show_divider=&#8221;off&#8221; disabled_on=&#8221;on|on|off&#8221; admin_label=&#8221;Elv\u00e1laszt\u00f3&#8221; _builder_version=&#8221;4.16&#8243; global_colors_info=&#8221;{}&#8221;][\/et_pb_divider][\/et_pb_column][\/et_pb_row][et_pb_row column_structure=&#8221;1_3,1_3,1_3&#8243; admin_label=&#8221;Row&#8221; _builder_version=&#8221;4.16&#8243; background_size=&#8221;initial&#8221; background_position=&#8221;top_left&#8221; background_repeat=&#8221;repeat&#8221; global_colors_info=&#8221;{}&#8221;][et_pb_column type=&#8221;1_3&#8243; _builder_version=&#8221;4.16&#8243; custom_padding=&#8221;|||&#8221; global_colors_info=&#8221;{}&#8221; custom_padding__hover=&#8221;|||&#8221;][et_pb_text admin_label=&#8221;Text&#8221; _builder_version=&#8221;4.16&#8243; background_size=&#8221;initial&#8221; background_position=&#8221;top_left&#8221; background_repeat=&#8221;repeat&#8221; background_layout=&#8221;dark&#8221; global_colors_info=&#8221;{}&#8221;]<\/p>\n<ul>\n<li>Csal\u00e1dias hangulat.<\/li>\n<li>Udvarias szem\u00e9lyzet.<\/li>\n<li>Grillez\u00e9sre, bogr\u00e1csoz\u00e1sra alkalmas ter\u00fclet.<\/li>\n<\/ul>\n<p>[\/et_pb_text][\/et_pb_column][et_pb_column type=&#8221;1_3&#8243; _builder_version=&#8221;4.16&#8243; custom_padding=&#8221;|||&#8221; global_colors_info=&#8221;{}&#8221; custom_padding__hover=&#8221;|||&#8221;][et_pb_text admin_label=&#8221;Sz\u00f6veg&#8221; _builder_version=&#8221;4.16&#8243; background_size=&#8221;initial&#8221; background_position=&#8221;top_left&#8221; background_repeat=&#8221;repeat&#8221; background_layout=&#8221;dark&#8221; global_colors_info=&#8221;{}&#8221;]<\/p>\n<ul>\n<li>Csapat\u00e9pit\u0151 tr\u00e9ningek, sz\u00fclet\u00e9snapi bulik, l\u00e1ny- illetve leg\u00e9nyb\u00facs\u00fak lebonyol\u00edt\u00e1sa<\/li>\n<li>Ker\u00e9kp\u00e1r\u00fat, troli- illetve buszv\u00e9gallom\u00e1sok k\u00f6zels\u00e9ge<\/li>\n<li>Ingyen WI-FI<\/li>\n<li>Olcs\u00f3\u00a0\u00e1rak<\/li>\n<\/ul>\n<p>[\/et_pb_text][\/et_pb_column][et_pb_column type=&#8221;1_3&#8243; _builder_version=&#8221;4.16&#8243; custom_padding=&#8221;|||&#8221; global_colors_info=&#8221;{}&#8221; custom_padding__hover=&#8221;|||&#8221;][et_pb_text admin_label=&#8221;Sz\u00f6veg&#8221; _builder_version=&#8221;4.16&#8243; background_size=&#8221;initial&#8221; background_position=&#8221;top_left&#8221; background_repeat=&#8221;repeat&#8221; background_layout=&#8221;dark&#8221; global_colors_info=&#8221;{}&#8221;]<\/p>\n<ul>\n<li>K\u00f6zel 600M-es p\u00e1lya<\/li>\n<li>Temp\u00f3s, hossz\u00fa egyenesek es technik\u00e1s r\u00e9szek.<\/li>\n<li>Erdei szakasz.<\/li>\n<li>Teljesen z\u00f6ld k\u00f6rnyezet.<\/li>\n<\/ul>\n<p>[\/et_pb_text][\/et_pb_column][\/et_pb_row][\/et_pb_section]<\/p>\n","protected":false},"excerpt":{"rendered":"<p>[et_pb_section fb_built=&#8221;1&#8243; inner_shadow=&#8221;on&#8221; fullwidth=&#8221;on&#8221; disabled_on=&#8221;on||&#8221; admin_label=&#8221;Vide\u00f3 h\u00e1tt\u00e9r&#8221; _builder_version=&#8221;4.9.3&#8243; background_color=&#8221;#ffffff&#8221; background_image=&#8221;https:\/\/uj.gokartparkszeged.hu\/wp-content\/uploads\/2016\/06\/hatt_gpsz_01.jpg&#8221; parallax=&#8221;on&#8221; background_video_mp4=&#8221;https:\/\/uj.gokartparkszeged.hu\/wp-content\/uploads\/2026\/03\/gokarttabor-1-2.mp4&#8243; background_video_webm=&#8221;https:\/\/uj.gokartparkszeged.hu\/wp-content\/uploads\/2026\/03\/gokarttabor-1.webm&#8221; background_video_height=&#8221;100&#8243; allow_player_pause=&#8221;on&#8221; min_height=&#8221;433px&#8221; custom_padding=&#8221;0px|0px|165px|0px||&#8221; hover_enabled=&#8221;0&#8243; global_colors_info=&#8221;{}&#8221; title_text=&#8221;gokartt\u00e1bor&#8221; sticky_enabled=&#8221;0&#8243;][et_pb_fullwidth_header text_orientation=&#8221;center&#8221; background_overlay_color=&#8221;rgba(237,240,0,0)&#8221; content_max_width=&#8221;none&#8221; admin_label=&#8221;telefonsz\u00e1m&#8221; _builder_version=&#8221;4.16&#8243; background_color=&#8221;rgba(255, 255, 255, 0)&#8221; global_colors_info=&#8221;{}&#8221; button_one_text_size__hover_enabled=&#8221;off&#8221; button_two_text_size__hover_enabled=&#8221;off&#8221; button_one_text_color__hover_enabled=&#8221;off&#8221; button_two_text_color__hover_enabled=&#8221;off&#8221; button_one_border_width__hover_enabled=&#8221;off&#8221; button_two_border_width__hover_enabled=&#8221;off&#8221; button_one_border_color__hover_enabled=&#8221;off&#8221; button_two_border_color__hover_enabled=&#8221;off&#8221; button_one_border_radius__hover_enabled=&#8221;off&#8221; button_two_border_radius__hover_enabled=&#8221;off&#8221; button_one_letter_spacing__hover_enabled=&#8221;off&#8221; button_two_letter_spacing__hover_enabled=&#8221;off&#8221; button_one_bg_color__hover_enabled=&#8221;off&#8221; button_two_bg_color__hover_enabled=&#8221;off&#8221;] Egyeztet\u00e9shez h\u00edvj minket a \u00a0+36 (30) 381 82 82 sz\u00e1mon! [&hellip;]<\/p>\n","protected":false},"author":1,"featured_media":0,"parent":0,"menu_order":0,"comment_status":"closed","ping_status":"closed","template":"","meta":{"_et_pb_use_builder":"on","_et_pb_old_content":"","_et_gb_content_width":"","footnotes":""},"class_list":["post-38","page","type-page","status-publish","hentry"],"_links":{"self":[{"href":"https:\/\/uj.gokartparkszeged.hu\/index.php?rest_route=\/wp\/v2\/pages\/38","targetHints":{"allow":["GET"]}}],"collection":[{"href":"https:\/\/uj.gokartparkszeged.hu\/index.php?rest_route=\/wp\/v2\/pages"}],"about":[{"href":"https:\/\/uj.gokartparkszeged.hu\/index.php?rest_route=\/wp\/v2\/types\/page"}],"author":[{"embeddable":true,"href":"https:\/\/uj.gokartparkszeged.hu\/index.php?rest_route=\/wp\/v2\/users\/1"}],"replies":[{"embeddable":true,"href":"https:\/\/uj.gokartparkszeged.hu\/index.php?rest_route=%2Fwp%2Fv2%2Fcomments&post=38"}],"version-history":[{"count":7,"href":"https:\/\/uj.gokartparkszeged.hu\/index.php?rest_route=\/wp\/v2\/pages\/38\/revisions"}],"predecessor-version":[{"id":892,"href":"https:\/\/uj.gokartparkszeged.hu\/index.php?rest_route=\/wp\/v2\/pages\/38\/revisions\/892"}],"wp:attachment":[{"href":"https:\/\/uj.gokartparkszeged.hu\/index.php?rest_route=%2Fwp%2Fv2%2Fmedia&parent=38"}],"curies":[{"name":"wp","href":"https:\/\/api.w.org\/{rel}","templated":true}]}}