{"id":135,"date":"2016-06-03T10:23:19","date_gmt":"2016-06-03T10:23:19","guid":{"rendered":"https:\/\/gokartparkszeged.hu\/?page_id=135"},"modified":"2016-06-03T10:23:19","modified_gmt":"2016-06-03T10:23:19","slug":"palyarajz","status":"publish","type":"page","link":"https:\/\/uj.gokartparkszeged.hu\/?page_id=135","title":{"rendered":"P\u00e1lyarajz"},"content":{"rendered":"<p>[et_pb_section fb_built=&#8221;1&#8243; custom_padding_last_edited=&#8221;on|desktop&#8221; admin_label=&#8221;section&#8221; _builder_version=&#8221;4.16&#8243; background_color=&#8221;rgba(64,64,65,0.5)&#8221; custom_padding_tablet=&#8221;50px|0|50px|0&#8243; transparent_background=&#8221;off&#8221; padding_mobile=&#8221;off&#8221; make_fullwidth=&#8221;off&#8221; use_custom_width=&#8221;off&#8221; width_unit=&#8221;on&#8221; global_colors_info=&#8221;{}&#8221; custom_padding_phone=&#8221;50px|0|50px|0&#8243;][et_pb_row admin_label=&#8221;Sor&#8221; _builder_version=&#8221;4.16&#8243; background_size=&#8221;initial&#8221; background_position=&#8221;top_left&#8221; background_repeat=&#8221;repeat&#8221; global_colors_info=&#8221;{}&#8221;][et_pb_column type=&#8221;4_4&#8243; _builder_version=&#8221;4.16&#8243; custom_padding=&#8221;|||&#8221; global_colors_info=&#8221;{}&#8221; custom_padding__hover=&#8221;|||&#8221;][et_pb_image src=&#8221;https:\/\/uj.gokartparkszeged.hu\/wp-content\/uploads\/2016\/06\/palyarajz_kanyarok.jpg&#8221; show_in_lightbox=&#8221;on&#8221; align_tablet=&#8221;center&#8221; align_last_edited=&#8221;on|desktop&#8221; admin_label=&#8221;K\u00c3\u0192\u00c2\u00a9p&#8221; _builder_version=&#8221;4.16&#8243; animation_style=&#8221;slide&#8221; animation_direction=&#8221;left&#8221; animation_duration=&#8221;500ms&#8221; animation_intensity_slide=&#8221;10%&#8221; animation=&#8221;left&#8221; sticky=&#8221;off&#8221; use_border_color=&#8221;off&#8221; border_color=&#8221;#ffffff&#8221; border_style=&#8221;solid&#8221; always_center_on_mobile=&#8221;on&#8221; global_colors_info=&#8221;{}&#8221; align_phone=&#8221;center&#8221;] [\/et_pb_image][\/et_pb_column][\/et_pb_row][et_pb_row admin_label=&#8221;row&#8221; _builder_version=&#8221;4.16&#8243; background_size=&#8221;initial&#8221; background_position=&#8221;top_left&#8221; background_repeat=&#8221;repeat&#8221; global_colors_info=&#8221;{}&#8221; column_structure=&#8221;1_4,1_4,1_4,1_4&#8243; custom_padding=&#8221;|||91px||&#8221;][et_pb_column type=&#8221;1_4&#8243; _builder_version=&#8221;4.16&#8243; custom_padding=&#8221;|||&#8221; global_colors_info=&#8221;{}&#8221; custom_padding__hover=&#8221;|||&#8221;][et_pb_text admin_label=&#8221;Text&#8221; _builder_version=&#8221;4.16&#8243; background_size=&#8221;initial&#8221; background_position=&#8221;top_left&#8221; background_repeat=&#8221;repeat&#8221; background_layout=&#8221;dark&#8221; use_border_color=&#8221;off&#8221; border_color=&#8221;#ffffff&#8221; border_style=&#8221;solid&#8221; global_colors_info=&#8221;{}&#8221;]<\/p>\n<p>1. A kanyar el\u0151tt intenz\u00edven f\u00e9kezz! Nagyon vigy\u00e1zz a kerekek blokkol\u00e1s\u00e1ra. Ha megcs\u00faszol, oda a k\u00f6rid\u0151. H\u00faz\u00f3dj jobb oldalra \u00e9s a f\u00e9k elv\u00e9tele ut\u00e1n c\u00e9lozd meg a jobb oldali gumisort \u00e9s fordulj balra. Fordul\u00e1s ut\u00e1n h\u00faz\u00f3dj bal sz\u00e9lre.<\/p>\n<p>2. Ir\u00e1ny\u00edtsd a gokartot a jobb oldali gumikhoz. Fordulj sz\u0171ken a kanyar kivezet\u0151 r\u00e9sz\u00e9n engedd ki a gokartot teljesen. Emelked\u0151 k\u00f6vetkezik&#8230; ut\u00e1na lejt\u0151 h\u00faz\u00f3dj balra!<\/p>\n<p>3. Temp\u00f3s telig\u00e1zas jobbos kanyar. H\u00faz\u00f3dj balra csippentsd a f\u00fcves r\u00e9szt de tiszteld, nagyon tiszteld!!! \ud83d\ude42 Padl\u00f3 &#8230; padl\u00f3&#8230; padl\u00f3&#8230;<\/p>\n<p>4. Nagy\u00edv\u0171 jobbos kanyar. Told \u00e9s szor\u00edtsd a korm\u00e1nyt! A kanyar k\u00f6zep\u00e9n\u00e9l kezdj el beh\u00faz\u00f3dni balra \u00e9s \u00f3vatosan, picit f\u00e9kezz!<\/p>\n<p>[\/et_pb_text][\/et_pb_column][et_pb_column type=&#8221;1_4&#8243; _builder_version=&#8221;4.16&#8243; custom_padding=&#8221;|||&#8221; global_colors_info=&#8221;{}&#8221; custom_padding__hover=&#8221;|||&#8221;][et_pb_text admin_label=&#8221;Text&#8221; _builder_version=&#8221;4.16&#8243; background_size=&#8221;initial&#8221; background_position=&#8221;top_left&#8221; background_repeat=&#8221;repeat&#8221; background_layout=&#8221;dark&#8221; use_border_color=&#8221;off&#8221; border_color=&#8221;#ffffff&#8221; border_style=&#8221;solid&#8221; global_colors_info=&#8221;{}&#8221;]<\/p>\n<p>5. Kis\u00ed\u00adv\u0171 jobbos kanyar k\u00f6vetkezik. Intenz\u00ed\u00adven f\u00e9kezz, mert j\u00f6n a meglepi \ud83d\ude42<\/p>\n<p>6. Balos kanyar, r\u00f6vid (szinte semmi) egyenes szakasz j\u00f6n. H\u00faz\u00f3dj k\u00f6z\u00e9pre \u00e9s vedd el a l\u00e1bad a g\u00e1zr\u00f3l.<\/p>\n<p>7. \u00dajra jobbos kanyar j\u00f6n. A k\u00f6zep\u00e9n\u00e9l gyors\u00ed\u00adts picit.<\/p>\n<p>8. Hagyd a motorf\u00e9ket dolgozni. \u00c9s fordulj balra, tartsd a k\u00f6z\u00e9ps\u0151 \u00edvet.<\/p>\n<p>9. H\u00faz\u00f3dj a k\u00f6vetkez\u0151 kanyar bemeneti r\u00e9sz\u00e9n\u00e9l jobb oldalra. Szinte s\u00farold a gokart jobb oldal\u00e1val a gumifalat. Picit gyors\u00edts. Tartsd k\u00f6z\u00e9pen. Balos kanyar j\u00f6n. Maradj k\u00f6z\u00e9pen \u00e9s lehelletnyit gyors\u00edts. G\u00e1zelv\u00e9tel, de csak egy pillanatra. Ne b\u00e1ntsd a bal oldali ped\u00e1lt. \u00dajra gyors\u00edts \u00e9s figyelj, mert egy durva balos j\u00f6n.<\/p>\n<p>[\/et_pb_text][\/et_pb_column][et_pb_column type=&#8221;1_4&#8243; _builder_version=&#8221;4.16&#8243; custom_padding=&#8221;|||&#8221; global_colors_info=&#8221;{}&#8221; custom_padding__hover=&#8221;|||&#8221;][et_pb_text admin_label=&#8221;Text&#8221; _builder_version=&#8221;4.16&#8243; background_size=&#8221;initial&#8221; background_position=&#8221;top_left&#8221; background_repeat=&#8221;repeat&#8221; background_layout=&#8221;dark&#8221; use_border_color=&#8221;off&#8221; border_color=&#8221;#ffffff&#8221; border_style=&#8221;solid&#8221; global_colors_info=&#8221;{}&#8221;]<\/p>\n<p>10. F\u00e9kezz. Engedd ki jobbra \u00e9s nyomd telibe. Maradj a jobbos \u00edven, hajts \u00e1t a h\u00eddon.<\/p>\n<p>11. Intenz\u00edv balos, de folyamatos g\u00e1zad\u00e1sn\u00e1l sim\u00e1n abszolv\u00e1lhat\u00f3. H\u00faz\u00f3dj k\u00f6z\u00e9pre, mert j\u00f6n egy jobbos. Vedd el teljesen a g\u00e1zt. A kanyar fel\u00e9n\u00e9l padl\u00f3zd \u00fajra, tartsd a temp\u00f3t!<\/p>\n<p>12. Telig\u00e1zas enyhe balos j\u00f6n. Ut\u00e1na p\u00e1r m\u00e9ter egyenes.<\/p>\n<p>13. Maradj k\u00f6z\u00e9pen, nyomd padl\u00f3ig, nyugi, betapad.<\/p>\n<p>[\/et_pb_text][\/et_pb_column][et_pb_column type=&#8221;1_4&#8243; _builder_version=&#8221;4.16&#8243; custom_padding=&#8221;|||&#8221; global_colors_info=&#8221;{}&#8221; custom_padding__hover=&#8221;|||&#8221;][et_pb_text admin_label=&#8221;Text&#8221; _builder_version=&#8221;4.16&#8243; background_size=&#8221;initial&#8221; background_position=&#8221;top_left&#8221; background_repeat=&#8221;repeat&#8221; background_layout=&#8221;dark&#8221; use_border_color=&#8221;off&#8221; border_color=&#8221;#ffffff&#8221; border_style=&#8221;solid&#8221; global_colors_info=&#8221;{}&#8221;]<\/p>\n<p>14. Tartsd a k\u00f6z\u00e9ps\u0151 \u00edvet \u00e9s a jobb l\u00e1bad a ped\u00e1lon<\/p>\n<p>15. Vedd el a g\u00e1zt \u00e9s h\u00faz\u00f3dj balra<\/p>\n<p>16. Vedd el 2 m\u00e1sodpercre a g\u00e1zt, azt\u00e1n taposd ahogy b\u00edrod. Markold meg a korm\u00e1nykereket mert neh\u00e9z lesz tartani. \ud83d\ude42<\/p>\n<p>17. Telig\u00e1zzal teljes\u00edtsd a c\u00e9legyenes el\u0151tti jobbos kanyart. H\u00faz\u00f3dj jobbra \u00e9s folytasd tov\u00e1bb&#8230; imm\u00e1ron el\u0151lr\u0151l \ud83d\ude42<\/p>\n<p>[\/et_pb_text][\/et_pb_column][\/et_pb_row][\/et_pb_section]<\/p>\n","protected":false},"excerpt":{"rendered":"<p>[et_pb_section fb_built=&#8221;1&#8243; custom_padding_last_edited=&#8221;on|desktop&#8221; admin_label=&#8221;section&#8221; _builder_version=&#8221;4.16&#8243; background_color=&#8221;rgba(64,64,65,0.5)&#8221; custom_padding_tablet=&#8221;50px|0|50px|0&#8243; transparent_background=&#8221;off&#8221; padding_mobile=&#8221;off&#8221; make_fullwidth=&#8221;off&#8221; use_custom_width=&#8221;off&#8221; width_unit=&#8221;on&#8221; global_colors_info=&#8221;{}&#8221; custom_padding_phone=&#8221;50px|0|50px|0&#8243;][et_pb_row admin_label=&#8221;Sor&#8221; _builder_version=&#8221;4.16&#8243; background_size=&#8221;initial&#8221; background_position=&#8221;top_left&#8221; background_repeat=&#8221;repeat&#8221; global_colors_info=&#8221;{}&#8221;][et_pb_column type=&#8221;4_4&#8243; _builder_version=&#8221;4.16&#8243; custom_padding=&#8221;|||&#8221; global_colors_info=&#8221;{}&#8221; custom_padding__hover=&#8221;|||&#8221;][et_pb_image src=&#8221;https:\/\/uj.gokartparkszeged.hu\/wp-content\/uploads\/2016\/06\/palyarajz_kanyarok.jpg&#8221; show_in_lightbox=&#8221;on&#8221; align_tablet=&#8221;center&#8221; align_last_edited=&#8221;on|desktop&#8221; admin_label=&#8221;K\u00c3\u0192\u00c2\u00a9p&#8221; _builder_version=&#8221;4.16&#8243; animation_style=&#8221;slide&#8221; animation_direction=&#8221;left&#8221; animation_duration=&#8221;500ms&#8221; animation_intensity_slide=&#8221;10%&#8221; animation=&#8221;left&#8221; sticky=&#8221;off&#8221; use_border_color=&#8221;off&#8221; border_color=&#8221;#ffffff&#8221; border_style=&#8221;solid&#8221; always_center_on_mobile=&#8221;on&#8221; global_colors_info=&#8221;{}&#8221; align_phone=&#8221;center&#8221;] [\/et_pb_image][\/et_pb_column][\/et_pb_row][et_pb_row admin_label=&#8221;row&#8221; _builder_version=&#8221;4.16&#8243; background_size=&#8221;initial&#8221; background_position=&#8221;top_left&#8221; background_repeat=&#8221;repeat&#8221; global_colors_info=&#8221;{}&#8221; column_structure=&#8221;1_4,1_4,1_4,1_4&#8243; custom_padding=&#8221;|||91px||&#8221;][et_pb_column type=&#8221;1_4&#8243; _builder_version=&#8221;4.16&#8243; custom_padding=&#8221;|||&#8221; [&hellip;]<\/p>\n","protected":false},"author":1,"featured_media":0,"parent":0,"menu_order":0,"comment_status":"closed","ping_status":"closed","template":"","meta":{"_et_pb_use_builder":"on","_et_pb_old_content":"","_et_gb_content_width":"","footnotes":""},"class_list":["post-135","page","type-page","status-publish","hentry"],"_links":{"self":[{"href":"https:\/\/uj.gokartparkszeged.hu\/index.php?rest_route=\/wp\/v2\/pages\/135","targetHints":{"allow":["GET"]}}],"collection":[{"href":"https:\/\/uj.gokartparkszeged.hu\/index.php?rest_route=\/wp\/v2\/pages"}],"about":[{"href":"https:\/\/uj.gokartparkszeged.hu\/index.php?rest_route=\/wp\/v2\/types\/page"}],"author":[{"embeddable":true,"href":"https:\/\/uj.gokartparkszeged.hu\/index.php?rest_route=\/wp\/v2\/users\/1"}],"replies":[{"embeddable":true,"href":"https:\/\/uj.gokartparkszeged.hu\/index.php?rest_route=%2Fwp%2Fv2%2Fcomments&post=135"}],"version-history":[{"count":0,"href":"https:\/\/uj.gokartparkszeged.hu\/index.php?rest_route=\/wp\/v2\/pages\/135\/revisions"}],"wp:attachment":[{"href":"https:\/\/uj.gokartparkszeged.hu\/index.php?rest_route=%2Fwp%2Fv2%2Fmedia&parent=135"}],"curies":[{"name":"wp","href":"https:\/\/api.w.org\/{rel}","templated":true}]}}